{"id":317,"date":"2020-12-07T10:32:57","date_gmt":"2020-12-07T10:32:57","guid":{"rendered":"http:\/\/www.grupoasame.com\/?page_id=317"},"modified":"2021-08-27T06:37:10","modified_gmt":"2021-08-27T06:37:10","slug":"contacto-asame","status":"publish","type":"page","link":"https:\/\/www.grupoasame.com\/index.php\/contacto-asame\/","title":{"rendered":"Contacto ASAME"},"content":{"rendered":"\t\t<div data-elementor-type=\"wp-page\" data-elementor-id=\"317\" class=\"elementor elementor-317\" data-elementor-post-type=\"page\">\n\t\t\t\t\t\t<section class=\"elementor-section elementor-top-section elementor-element elementor-element-430a3ce9 elementor-section-full_width elementor-section-height-min-height elementor-section-items-stretch elementor-section-height-default\" data-id=\"430a3ce9\" data-element_type=\"section\">\n\t\t\t\t\t\t<div class=\"elementor-container elementor-column-gap-default\">\n\t\t\t\t\t<div class=\"elementor-column elementor-col-100 elementor-top-column elementor-element elementor-element-52bb5673\" data-id=\"52bb5673\" data-element_type=\"column\">\n\t\t\t<div class=\"elementor-widget-wrap elementor-element-populated\">\n\t\t\t\t\t\t<div class=\"elementor-element elementor-element-6817f1e4 elementor-widget elementor-widget-heading\" data-id=\"6817f1e4\" data-element_type=\"widget\" data-widget_type=\"heading.default\">\n\t\t\t\t<div class=\"elementor-widget-container\">\n\t\t\t\t\t<h4 class=\"elementor-heading-title elementor-size-default\">Cont\u00e1ctanos!<\/h4>\t\t\t\t<\/div>\n\t\t\t\t<\/div>\n\t\t\t\t\t<\/div>\n\t\t<\/div>\n\t\t\t\t\t<\/div>\n\t\t<\/section>\n\t\t\t\t<section class=\"elementor-section elementor-top-section elementor-element elementor-element-27cd09be elementor-section-full_width elementor-section-height-min-height elementor-section-items-stretch elementor-section-height-default\" data-id=\"27cd09be\" data-element_type=\"section\">\n\t\t\t\t\t\t<div class=\"elementor-container elementor-column-gap-no\">\n\t\t\t\t\t<div class=\"elementor-column elementor-col-100 elementor-top-column elementor-element elementor-element-55c70205\" data-id=\"55c70205\" data-element_type=\"column\">\n\t\t\t<div class=\"elementor-widget-wrap elementor-element-populated\">\n\t\t\t\t\t\t<div class=\"elementor-element elementor-element-1765dc21 elementor-widget elementor-widget-heading\" data-id=\"1765dc21\" data-element_type=\"widget\" data-widget_type=\"heading.default\">\n\t\t\t\t<div class=\"elementor-widget-container\">\n\t\t\t\t\t<h1 class=\"elementor-heading-title elementor-size-default\">\"Asame, dise\u00f1ando edificios y espacios para las personas...\"<\/h1>\t\t\t\t<\/div>\n\t\t\t\t<\/div>\n\t\t\t\t\t<\/div>\n\t\t<\/div>\n\t\t\t\t\t<\/div>\n\t\t<\/section>\n\t\t\t\t<section class=\"elementor-section elementor-top-section elementor-element elementor-element-648bffb3 elementor-section-full_width elementor-section-height-min-height elementor-section-items-stretch elementor-section-height-default\" data-id=\"648bffb3\" data-element_type=\"section\">\n\t\t\t\t\t\t<div class=\"elementor-container elementor-column-gap-default\">\n\t\t\t\t\t<div class=\"elementor-column elementor-col-50 elementor-top-column elementor-element elementor-element-2a868446\" data-id=\"2a868446\" data-element_type=\"column\">\n\t\t\t<div class=\"elementor-widget-wrap elementor-element-populated\">\n\t\t\t\t\t\t<section class=\"elementor-section elementor-inner-section elementor-element elementor-element-2b240d78 elementor-section-boxed elementor-section-height-default elementor-section-height-default\" data-id=\"2b240d78\" data-element_type=\"section\">\n\t\t\t\t\t\t<div class=\"elementor-container elementor-column-gap-default\">\n\t\t\t\t\t<div class=\"elementor-column elementor-col-33 elementor-inner-column elementor-element elementor-element-bb266e0\" data-id=\"bb266e0\" data-element_type=\"column\">\n\t\t\t<div class=\"elementor-widget-wrap elementor-element-populated\">\n\t\t\t\t\t\t<div class=\"elementor-element elementor-element-4ffcffce elementor-widget elementor-widget-heading\" data-id=\"4ffcffce\" data-element_type=\"widget\" data-widget_type=\"heading.default\">\n\t\t\t\t<div class=\"elementor-widget-container\">\n\t\t\t\t\t<h3 class=\"elementor-heading-title elementor-size-default\">Info contacto<\/h3>\t\t\t\t<\/div>\n\t\t\t\t<\/div>\n\t\t\t\t<div class=\"elementor-element elementor-element-2c1d0c97 elementor-align-start elementor-tablet-align-center elementor-icon-list--layout-traditional elementor-list-item-link-full_width elementor-widget elementor-widget-icon-list\" data-id=\"2c1d0c97\" data-element_type=\"widget\" data-widget_type=\"icon-list.default\">\n\t\t\t\t<div class=\"elementor-widget-container\">\n\t\t\t\t\t\t\t<ul class=\"elementor-icon-list-items\">\n\t\t\t\t\t\t\t<li class=\"elementor-icon-list-item\">\n\t\t\t\t\t\t\t\t\t\t<span class=\"elementor-icon-list-text\">Phone:+34 661 217 445<\/span>\n\t\t\t\t\t\t\t\t\t<\/li>\n\t\t\t\t\t\t\t\t<li class=\"elementor-icon-list-item\">\n\t\t\t\t\t\t\t\t\t\t<span class=\"elementor-icon-list-text\">Email: asame@grupoasame.com<\/span>\n\t\t\t\t\t\t\t\t\t<\/li>\n\t\t\t\t\t\t<\/ul>\n\t\t\t\t\t\t<\/div>\n\t\t\t\t<\/div>\n\t\t\t\t\t<\/div>\n\t\t<\/div>\n\t\t\t\t<div class=\"elementor-column elementor-col-33 elementor-inner-column elementor-element elementor-element-2168350e\" data-id=\"2168350e\" data-element_type=\"column\">\n\t\t\t<div class=\"elementor-widget-wrap elementor-element-populated\">\n\t\t\t\t\t\t<div class=\"elementor-element elementor-element-7814afca elementor-widget elementor-widget-heading\" data-id=\"7814afca\" data-element_type=\"widget\" data-widget_type=\"heading.default\">\n\t\t\t\t<div class=\"elementor-widget-container\">\n\t\t\t\t\t<h3 class=\"elementor-heading-title elementor-size-default\">Direcci\u00f3n<\/h3>\t\t\t\t<\/div>\n\t\t\t\t<\/div>\n\t\t\t\t<div class=\"elementor-element elementor-element-310f5117 elementor-align-start elementor-tablet-align-center elementor-icon-list--layout-traditional elementor-list-item-link-full_width elementor-widget elementor-widget-icon-list\" data-id=\"310f5117\" data-element_type=\"widget\" data-widget_type=\"icon-list.default\">\n\t\t\t\t<div class=\"elementor-widget-container\">\n\t\t\t\t\t\t\t<ul class=\"elementor-icon-list-items\">\n\t\t\t\t\t\t\t<li class=\"elementor-icon-list-item\">\n\t\t\t\t\t\t\t\t\t\t<span class=\"elementor-icon-list-text\">C\/ Ignasi Iglesias n\u00ba28<\/span>\n\t\t\t\t\t\t\t\t\t<\/li>\n\t\t\t\t\t\t\t\t<li class=\"elementor-icon-list-item\">\n\t\t\t\t\t\t\t\t\t\t<span class=\"elementor-icon-list-text\">Reus, 43206<\/span>\n\t\t\t\t\t\t\t\t\t<\/li>\n\t\t\t\t\t\t\t\t<li class=\"elementor-icon-list-item\">\n\t\t\t\t\t\t\t\t\t\t<span class=\"elementor-icon-list-text\">Av. Diagonal 409<\/span>\n\t\t\t\t\t\t\t\t\t<\/li>\n\t\t\t\t\t\t\t\t<li class=\"elementor-icon-list-item\">\n\t\t\t\t\t\t\t\t\t\t<span class=\"elementor-icon-list-text\">Barcelona, 08008<\/span>\n\t\t\t\t\t\t\t\t\t<\/li>\n\t\t\t\t\t\t<\/ul>\n\t\t\t\t\t\t<\/div>\n\t\t\t\t<\/div>\n\t\t\t\t\t<\/div>\n\t\t<\/div>\n\t\t\t\t<div class=\"elementor-column elementor-col-33 elementor-inner-column elementor-element elementor-element-1c0b7146\" data-id=\"1c0b7146\" data-element_type=\"column\">\n\t\t\t<div class=\"elementor-widget-wrap elementor-element-populated\">\n\t\t\t\t\t\t<div class=\"elementor-element elementor-element-39ca9353 elementor-widget elementor-widget-heading\" data-id=\"39ca9353\" data-element_type=\"widget\" data-widget_type=\"heading.default\">\n\t\t\t\t<div class=\"elementor-widget-container\">\n\t\t\t\t\t<h3 class=\"elementor-heading-title elementor-size-default\">Horario<\/h3>\t\t\t\t<\/div>\n\t\t\t\t<\/div>\n\t\t\t\t<div class=\"elementor-element elementor-element-2d3ded2b elementor-align-start elementor-tablet-align-center elementor-icon-list--layout-traditional elementor-list-item-link-full_width elementor-widget elementor-widget-icon-list\" data-id=\"2d3ded2b\" data-element_type=\"widget\" data-widget_type=\"icon-list.default\">\n\t\t\t\t<div class=\"elementor-widget-container\">\n\t\t\t\t\t\t\t<ul class=\"elementor-icon-list-items\">\n\t\t\t\t\t\t\t<li class=\"elementor-icon-list-item\">\n\t\t\t\t\t\t\t\t\t\t<span class=\"elementor-icon-list-text\">Lunes - Viernes<\/span>\n\t\t\t\t\t\t\t\t\t<\/li>\n\t\t\t\t\t\t\t\t<li class=\"elementor-icon-list-item\">\n\t\t\t\t\t\t\t\t\t\t<span class=\"elementor-icon-list-text\">9am - 7pm<\/span>\n\t\t\t\t\t\t\t\t\t<\/li>\n\t\t\t\t\t\t\t\t<li class=\"elementor-icon-list-item\">\n\t\t\t\t\t\t\t\t\t\t<span class=\"elementor-icon-list-text\">Solicitar cita previa<\/span>\n\t\t\t\t\t\t\t\t\t<\/li>\n\t\t\t\t\t\t<\/ul>\n\t\t\t\t\t\t<\/div>\n\t\t\t\t<\/div>\n\t\t\t\t\t<\/div>\n\t\t<\/div>\n\t\t\t\t\t<\/div>\n\t\t<\/section>\n\t\t\t\t\t<\/div>\n\t\t<\/div>\n\t\t\t\t<div class=\"elementor-column elementor-col-50 elementor-top-column elementor-element elementor-element-4526d80\" data-id=\"4526d80\" data-element_type=\"column\">\n\t\t\t<div class=\"elementor-widget-wrap elementor-element-populated\">\n\t\t\t\t\t\t<div class=\"elementor-element elementor-element-fb2ac0e elementor-shape-square elementor-grid-0 e-grid-align-center elementor-widget elementor-widget-social-icons\" data-id=\"fb2ac0e\" data-element_type=\"widget\" data-widget_type=\"social-icons.default\">\n\t\t\t\t<div class=\"elementor-widget-container\">\n\t\t\t\t\t\t\t<div class=\"elementor-social-icons-wrapper elementor-grid\" role=\"list\">\n\t\t\t\t\t\t\t<span class=\"elementor-grid-item\" role=\"listitem\">\n\t\t\t\t\t<a class=\"elementor-icon elementor-social-icon elementor-social-icon-facebook elementor-repeater-item-0600c56\" href=\"https:\/\/www.facebook.com\/ASAMEarquitectura\/\" target=\"_blank\">\n\t\t\t\t\t\t<span class=\"elementor-screen-only\">Facebook<\/span>\n\t\t\t\t\t\t<i aria-hidden=\"true\" class=\"fab fa-facebook\"><\/i>\t\t\t\t\t<\/a>\n\t\t\t\t<\/span>\n\t\t\t\t\t\t\t<span class=\"elementor-grid-item\" role=\"listitem\">\n\t\t\t\t\t<a class=\"elementor-icon elementor-social-icon elementor-social-icon-instagram elementor-repeater-item-637653f\" href=\"https:\/\/www.instagram.com\/asamearquitectura\/\" target=\"_blank\">\n\t\t\t\t\t\t<span class=\"elementor-screen-only\">Instagram<\/span>\n\t\t\t\t\t\t<i aria-hidden=\"true\" class=\"fab fa-instagram\"><\/i>\t\t\t\t\t<\/a>\n\t\t\t\t<\/span>\n\t\t\t\t\t<\/div>\n\t\t\t\t\t\t<\/div>\n\t\t\t\t<\/div>\n\t\t\t\t\t<\/div>\n\t\t<\/div>\n\t\t\t\t\t<\/div>\n\t\t<\/section>\n\t\t\t\t<section class=\"elementor-section elementor-top-section elementor-element elementor-element-24e79d0c elementor-section-full_width elementor-section-height-min-height elementor-section-items-stretch elementor-section-height-default\" data-id=\"24e79d0c\" data-element_type=\"section\">\n\t\t\t\t\t\t<div class=\"elementor-container elementor-column-gap-default\">\n\t\t\t\t\t<div class=\"elementor-column elementor-col-50 elementor-top-column elementor-element elementor-element-7b9292e1\" data-id=\"7b9292e1\" data-element_type=\"column\">\n\t\t\t<div class=\"elementor-widget-wrap elementor-element-populated\">\n\t\t\t\t\t\t<div class=\"elementor-element elementor-element-4ae1aef9 elementor-widget elementor-widget-heading\" data-id=\"4ae1aef9\" data-element_type=\"widget\" data-widget_type=\"heading.default\">\n\t\t\t\t<div class=\"elementor-widget-container\">\n\t\t\t\t\t<h3 class=\"elementor-heading-title elementor-size-default\">Envianos tus datos y nos pondremos en contacto\n<\/h3>\t\t\t\t<\/div>\n\t\t\t\t<\/div>\n\t\t\t\t<div class=\"elementor-element elementor-element-64b12f03 elementor-button-align-center elementor-widget elementor-widget-form\" data-id=\"64b12f03\" data-element_type=\"widget\" data-settings=\"{&quot;step_next_label&quot;:&quot;Next&quot;,&quot;step_previous_label&quot;:&quot;Previous&quot;,&quot;button_width&quot;:&quot;100&quot;,&quot;step_type&quot;:&quot;number_text&quot;,&quot;step_icon_shape&quot;:&quot;circle&quot;}\" data-widget_type=\"form.default\">\n\t\t\t\t<div class=\"elementor-widget-container\">\n\t\t\t\t\t\t\t<form class=\"elementor-form\" method=\"post\" name=\"New Form\" aria-label=\"New Form\">\n\t\t\t<input type=\"hidden\" name=\"post_id\" value=\"317\"\/>\n\t\t\t<input type=\"hidden\" name=\"form_id\" value=\"64b12f03\"\/>\n\t\t\t<input type=\"hidden\" name=\"referer_title\" value=\"Contacto ASAME - Arquitecto Reus, Tarragona y Catalunya | ASAME Arquitectura\" \/>\n\n\t\t\t\t\t\t\t<input type=\"hidden\" name=\"queried_id\" value=\"317\"\/>\n\t\t\t\n\t\t\t<div class=\"elementor-form-fields-wrapper elementor-labels-above\">\n\t\t\t\t\t\t\t\t<div class=\"elementor-field-type-text elementor-field-group elementor-column elementor-field-group-name elementor-col-50\">\n\t\t\t\t\t\t\t\t\t\t\t\t<label for=\"form-field-name\" class=\"elementor-field-label\">\n\t\t\t\t\t\t\t\tNombre\t\t\t\t\t\t\t<\/label>\n\t\t\t\t\t\t\t\t\t\t\t\t\t\t<input size=\"1\" type=\"text\" name=\"form_fields[name]\" id=\"form-field-name\" class=\"elementor-field elementor-size-sm  elementor-field-textual\">\n\t\t\t\t\t\t\t\t\t\t\t<\/div>\n\t\t\t\t\t\t\t\t<div class=\"elementor-field-type-text elementor-field-group elementor-column elementor-field-group-field_f2064fc elementor-col-50\">\n\t\t\t\t\t\t\t\t\t\t\t\t<label for=\"form-field-field_f2064fc\" class=\"elementor-field-label\">\n\t\t\t\t\t\t\t\tApellido\t\t\t\t\t\t\t<\/label>\n\t\t\t\t\t\t\t\t\t\t\t\t\t\t<input size=\"1\" type=\"text\" name=\"form_fields[field_f2064fc]\" id=\"form-field-field_f2064fc\" class=\"elementor-field elementor-size-sm  elementor-field-textual\">\n\t\t\t\t\t\t\t\t\t\t\t<\/div>\n\t\t\t\t\t\t\t\t<div class=\"elementor-field-type-email elementor-field-group elementor-column elementor-field-group-email elementor-col-50\">\n\t\t\t\t\t\t\t\t\t\t\t\t<label for=\"form-field-email\" class=\"elementor-field-label\">\n\t\t\t\t\t\t\t\tEmail\t\t\t\t\t\t\t<\/label>\n\t\t\t\t\t\t\t\t\t\t\t\t\t\t<input size=\"1\" type=\"email\" name=\"form_fields[email]\" id=\"form-field-email\" class=\"elementor-field elementor-size-sm  elementor-field-textual\">\n\t\t\t\t\t\t\t\t\t\t\t<\/div>\n\t\t\t\t\t\t\t\t<div class=\"elementor-field-type-tel elementor-field-group elementor-column elementor-field-group-field_61d2de4 elementor-col-50\">\n\t\t\t\t\t\t\t\t\t\t\t\t<label for=\"form-field-field_61d2de4\" class=\"elementor-field-label\">\n\t\t\t\t\t\t\t\tTel\u00e9fono\t\t\t\t\t\t\t<\/label>\n\t\t\t\t\t\t\t\t<input size=\"1\" type=\"tel\" name=\"form_fields[field_61d2de4]\" id=\"form-field-field_61d2de4\" class=\"elementor-field elementor-size-sm  elementor-field-textual\" pattern=\"[0-9()#&amp;+*-=.]+\" title=\"Solo se aceptan n\u00fameros y caracteres de tel\u00e9fono (#,-,*,etc).\">\n\n\t\t\t\t\t\t<\/div>\n\t\t\t\t\t\t\t\t<div class=\"elementor-field-type-textarea elementor-field-group elementor-column elementor-field-group-message elementor-col-100\">\n\t\t\t\t\t\t\t\t\t\t\t\t<label for=\"form-field-message\" class=\"elementor-field-label\">\n\t\t\t\t\t\t\t\tMensaje\t\t\t\t\t\t\t<\/label>\n\t\t\t\t\t\t<textarea class=\"elementor-field-textual elementor-field  elementor-size-sm\" name=\"form_fields[message]\" id=\"form-field-message\" rows=\"4\"><\/textarea>\t\t\t\t<\/div>\n\t\t\t\t\t\t\t\t<div class=\"elementor-field-group elementor-column elementor-field-type-submit elementor-col-100 e-form__buttons\">\n\t\t\t\t\t<button class=\"elementor-button elementor-size-sm\" type=\"submit\">\n\t\t\t\t\t\t<span class=\"elementor-button-content-wrapper\">\n\t\t\t\t\t\t\t\t\t\t\t\t\t\t\t\t\t\t\t\t\t\t<span class=\"elementor-button-text\">Enviar<\/span>\n\t\t\t\t\t\t\t\t\t\t\t\t\t<\/span>\n\t\t\t\t\t<\/button>\n\t\t\t\t<\/div>\n\t\t\t<\/div>\n\t\t<\/form>\n\t\t\t\t\t\t<\/div>\n\t\t\t\t<\/div>\n\t\t\t\t\t<\/div>\n\t\t<\/div>\n\t\t\t\t<div class=\"elementor-column elementor-col-50 elementor-top-column elementor-element elementor-element-6e82b4bf\" data-id=\"6e82b4bf\" data-element_type=\"column\">\n\t\t\t<div class=\"elementor-widget-wrap elementor-element-populated\">\n\t\t\t\t\t\t<div class=\"elementor-element elementor-element-1add0c25 elementor-widget elementor-widget-google_maps\" data-id=\"1add0c25\" data-element_type=\"widget\" data-widget_type=\"google_maps.default\">\n\t\t\t\t<div class=\"elementor-widget-container\">\n\t\t\t\t\t\t\t<div class=\"elementor-custom-embed\">\n\t\t\t<iframe loading=\"lazy\"\n\t\t\t\t\tsrc=\"https:\/\/maps.google.com\/maps?q=Calle%20Ignasi%20Iglesias%2028%2C%20Reus&#038;t=m&#038;z=13&#038;output=embed&#038;iwloc=near\"\n\t\t\t\t\ttitle=\"Calle Ignasi Iglesias 28, Reus\"\n\t\t\t\t\taria-label=\"Calle Ignasi Iglesias 28, Reus\"\n\t\t\t><\/iframe>\n\t\t<\/div>\n\t\t\t\t\t\t<\/div>\n\t\t\t\t<\/div>\n\t\t\t\t\t<\/div>\n\t\t<\/div>\n\t\t\t\t\t<\/div>\n\t\t<\/section>\n\t\t\t\t<\/div>\n\t\t","protected":false},"excerpt":{"rendered":"<p>Cont\u00e1ctanos! \u00abAsame, dise\u00f1ando edificios y espacios para las personas&#8230;\u00bb Info contacto Phone:+34 661 217 445 Email: asame@grupoasame.com Direcci\u00f3n C\/ Ignasi Iglesias n\u00ba28 Reus, 43206 Av. Diagonal 409 Barcelona, 08008 Horario Lunes &#8211; Viernes 9am &#8211; 7pm Solicitar cita previa Facebook Instagram Envianos tus datos y nos pondremos en contacto<\/p>\n","protected":false},"author":1,"featured_media":0,"parent":0,"menu_order":0,"comment_status":"closed","ping_status":"closed","template":"","meta":{"footnotes":""},"class_list":["post-317","page","type-page","status-publish","hentry"],"yoast_head":"<!-- This site is optimized with the Yoast SEO plugin v26.9 - https:\/\/yoast.com\/product\/yoast-seo-wordpress\/ -->\n<title>Contacto ASAME - Arquitecto Reus, Tarragona y Catalunya | ASAME Arquitectura<\/title>\n<meta name=\"robots\" content=\"index, follow, max-snippet:-1, max-image-preview:large, max-video-preview:-1\" \/>\n<link rel=\"canonical\" href=\"https:\/\/www.grupoasame.com\/index.php\/contacto-asame\/\" \/>\n<meta property=\"og:locale\" content=\"es_ES\" \/>\n<meta property=\"og:type\" content=\"article\" \/>\n<meta property=\"og:title\" content=\"Contacto ASAME - Arquitecto Reus, Tarragona y Catalunya | ASAME Arquitectura\" \/>\n<meta property=\"og:description\" content=\"Cont\u00e1ctanos! \u00abAsame, dise\u00f1ando edificios y espacios para las personas&#8230;\u00bb Info contacto Phone:+34 661 217 445 Email: asame@grupoasame.com Direcci\u00f3n C\/ Ignasi Iglesias n\u00ba28 Reus, 43206 Av. Diagonal 409 Barcelona, 08008 Horario Lunes &#8211; Viernes 9am &#8211; 7pm Solicitar cita previa Facebook Instagram Envianos tus datos y nos pondremos en contacto\" \/>\n<meta property=\"og:url\" content=\"https:\/\/www.grupoasame.com\/index.php\/contacto-asame\/\" \/>\n<meta property=\"og:site_name\" content=\"Arquitecto Reus, Tarragona y Catalunya | ASAME Arquitectura\" \/>\n<meta property=\"article:publisher\" content=\"https:\/\/www.facebook.com\/ASAMEarquitectura\/\" \/>\n<meta property=\"article:modified_time\" content=\"2021-08-27T06:37:10+00:00\" \/>\n<meta name=\"twitter:card\" content=\"summary_large_image\" \/>\n<script type=\"application\/ld+json\" class=\"yoast-schema-graph\">{\"@context\":\"https:\/\/schema.org\",\"@graph\":[{\"@type\":\"WebPage\",\"@id\":\"https:\/\/www.grupoasame.com\/index.php\/contacto-asame\/\",\"url\":\"https:\/\/www.grupoasame.com\/index.php\/contacto-asame\/\",\"name\":\"Contacto ASAME - Arquitecto Reus, Tarragona y Catalunya | ASAME Arquitectura\",\"isPartOf\":{\"@id\":\"https:\/\/www.grupoasame.com\/#website\"},\"datePublished\":\"2020-12-07T10:32:57+00:00\",\"dateModified\":\"2021-08-27T06:37:10+00:00\",\"breadcrumb\":{\"@id\":\"https:\/\/www.grupoasame.com\/index.php\/contacto-asame\/#breadcrumb\"},\"inLanguage\":\"es\",\"potentialAction\":[{\"@type\":\"ReadAction\",\"target\":[\"https:\/\/www.grupoasame.com\/index.php\/contacto-asame\/\"]}]},{\"@type\":\"BreadcrumbList\",\"@id\":\"https:\/\/www.grupoasame.com\/index.php\/contacto-asame\/#breadcrumb\",\"itemListElement\":[{\"@type\":\"ListItem\",\"position\":1,\"name\":\"Portada\",\"item\":\"https:\/\/www.grupoasame.com\/\"},{\"@type\":\"ListItem\",\"position\":2,\"name\":\"Contacto ASAME\"}]},{\"@type\":\"WebSite\",\"@id\":\"https:\/\/www.grupoasame.com\/#website\",\"url\":\"https:\/\/www.grupoasame.com\/\",\"name\":\"Arquitecto Reus, Tarragona y Catalunya | ASAME Arquitectura\",\"description\":\"Redacci\u00f3n de proyectos de arquitectura en obra nueva, rehabilitaci\u00f3n y reforma de interiores, teniendo experiencia en proyectos desde escalas peque\u00f1as a proyectos de mayor envergadura. Gestionando el proyecto del dise\u00f1o a la finalizaci\u00f3n de su ejecuci\u00f3n.\",\"publisher\":{\"@id\":\"https:\/\/www.grupoasame.com\/#organization\"},\"alternateName\":\"Asame\",\"potentialAction\":[{\"@type\":\"SearchAction\",\"target\":{\"@type\":\"EntryPoint\",\"urlTemplate\":\"https:\/\/www.grupoasame.com\/?s={search_term_string}\"},\"query-input\":{\"@type\":\"PropertyValueSpecification\",\"valueRequired\":true,\"valueName\":\"search_term_string\"}}],\"inLanguage\":\"es\"},{\"@type\":\"Organization\",\"@id\":\"https:\/\/www.grupoasame.com\/#organization\",\"name\":\"Arquitecto Reus, Tarragona y Catalunya | ASAME Arquitectura\",\"url\":\"https:\/\/www.grupoasame.com\/\",\"logo\":{\"@type\":\"ImageObject\",\"inLanguage\":\"es\",\"@id\":\"https:\/\/www.grupoasame.com\/#\/schema\/logo\/image\/\",\"url\":\"https:\/\/www.grupoasame.com\/wp-content\/uploads\/2020\/12\/cropped-ASAME-LOGO-LETRA2.png\",\"contentUrl\":\"https:\/\/www.grupoasame.com\/wp-content\/uploads\/2020\/12\/cropped-ASAME-LOGO-LETRA2.png\",\"width\":1240,\"height\":355,\"caption\":\"Arquitecto Reus, Tarragona y Catalunya | ASAME Arquitectura\"},\"image\":{\"@id\":\"https:\/\/www.grupoasame.com\/#\/schema\/logo\/image\/\"},\"sameAs\":[\"https:\/\/www.facebook.com\/ASAMEarquitectura\/\",\"https:\/\/www.instagram.com\/asamearquitectura\/\",\"https:\/\/www.linkedin.com\/company\/asame-arquitectura\/?originalSubdomain=es\"]}]}<\/script>\n<!-- \/ Yoast SEO plugin. -->","yoast_head_json":{"title":"Contacto ASAME - Arquitecto Reus, Tarragona y Catalunya | ASAME Arquitectura","robots":{"index":"index","follow":"follow","max-snippet":"max-snippet:-1","max-image-preview":"max-image-preview:large","max-video-preview":"max-video-preview:-1"},"canonical":"https:\/\/www.grupoasame.com\/index.php\/contacto-asame\/","og_locale":"es_ES","og_type":"article","og_title":"Contacto ASAME - Arquitecto Reus, Tarragona y Catalunya | ASAME Arquitectura","og_description":"Cont\u00e1ctanos! \u00abAsame, dise\u00f1ando edificios y espacios para las personas&#8230;\u00bb Info contacto Phone:+34 661 217 445 Email: asame@grupoasame.com Direcci\u00f3n C\/ Ignasi Iglesias n\u00ba28 Reus, 43206 Av. Diagonal 409 Barcelona, 08008 Horario Lunes &#8211; Viernes 9am &#8211; 7pm Solicitar cita previa Facebook Instagram Envianos tus datos y nos pondremos en contacto","og_url":"https:\/\/www.grupoasame.com\/index.php\/contacto-asame\/","og_site_name":"Arquitecto Reus, Tarragona y Catalunya | ASAME Arquitectura","article_publisher":"https:\/\/www.facebook.com\/ASAMEarquitectura\/","article_modified_time":"2021-08-27T06:37:10+00:00","twitter_card":"summary_large_image","schema":{"@context":"https:\/\/schema.org","@graph":[{"@type":"WebPage","@id":"https:\/\/www.grupoasame.com\/index.php\/contacto-asame\/","url":"https:\/\/www.grupoasame.com\/index.php\/contacto-asame\/","name":"Contacto ASAME - Arquitecto Reus, Tarragona y Catalunya | ASAME Arquitectura","isPartOf":{"@id":"https:\/\/www.grupoasame.com\/#website"},"datePublished":"2020-12-07T10:32:57+00:00","dateModified":"2021-08-27T06:37:10+00:00","breadcrumb":{"@id":"https:\/\/www.grupoasame.com\/index.php\/contacto-asame\/#breadcrumb"},"inLanguage":"es","potentialAction":[{"@type":"ReadAction","target":["https:\/\/www.grupoasame.com\/index.php\/contacto-asame\/"]}]},{"@type":"BreadcrumbList","@id":"https:\/\/www.grupoasame.com\/index.php\/contacto-asame\/#breadcrumb","itemListElement":[{"@type":"ListItem","position":1,"name":"Portada","item":"https:\/\/www.grupoasame.com\/"},{"@type":"ListItem","position":2,"name":"Contacto ASAME"}]},{"@type":"WebSite","@id":"https:\/\/www.grupoasame.com\/#website","url":"https:\/\/www.grupoasame.com\/","name":"Arquitecto Reus, Tarragona y Catalunya | ASAME Arquitectura","description":"Redacci\u00f3n de proyectos de arquitectura en obra nueva, rehabilitaci\u00f3n y reforma de interiores, teniendo experiencia en proyectos desde escalas peque\u00f1as a proyectos de mayor envergadura. Gestionando el proyecto del dise\u00f1o a la finalizaci\u00f3n de su ejecuci\u00f3n.","publisher":{"@id":"https:\/\/www.grupoasame.com\/#organization"},"alternateName":"Asame","potentialAction":[{"@type":"SearchAction","target":{"@type":"EntryPoint","urlTemplate":"https:\/\/www.grupoasame.com\/?s={search_term_string}"},"query-input":{"@type":"PropertyValueSpecification","valueRequired":true,"valueName":"search_term_string"}}],"inLanguage":"es"},{"@type":"Organization","@id":"https:\/\/www.grupoasame.com\/#organization","name":"Arquitecto Reus, Tarragona y Catalunya | ASAME Arquitectura","url":"https:\/\/www.grupoasame.com\/","logo":{"@type":"ImageObject","inLanguage":"es","@id":"https:\/\/www.grupoasame.com\/#\/schema\/logo\/image\/","url":"https:\/\/www.grupoasame.com\/wp-content\/uploads\/2020\/12\/cropped-ASAME-LOGO-LETRA2.png","contentUrl":"https:\/\/www.grupoasame.com\/wp-content\/uploads\/2020\/12\/cropped-ASAME-LOGO-LETRA2.png","width":1240,"height":355,"caption":"Arquitecto Reus, Tarragona y Catalunya | ASAME Arquitectura"},"image":{"@id":"https:\/\/www.grupoasame.com\/#\/schema\/logo\/image\/"},"sameAs":["https:\/\/www.facebook.com\/ASAMEarquitectura\/","https:\/\/www.instagram.com\/asamearquitectura\/","https:\/\/www.linkedin.com\/company\/asame-arquitectura\/?originalSubdomain=es"]}]}},"_links":{"self":[{"href":"https:\/\/www.grupoasame.com\/index.php\/wp-json\/wp\/v2\/pages\/317","targetHints":{"allow":["GET"]}}],"collection":[{"href":"https:\/\/www.grupoasame.com\/index.php\/wp-json\/wp\/v2\/pages"}],"about":[{"href":"https:\/\/www.grupoasame.com\/index.php\/wp-json\/wp\/v2\/types\/page"}],"author":[{"embeddable":true,"href":"https:\/\/www.grupoasame.com\/index.php\/wp-json\/wp\/v2\/users\/1"}],"replies":[{"embeddable":true,"href":"https:\/\/www.grupoasame.com\/index.php\/wp-json\/wp\/v2\/comments?post=317"}],"version-history":[{"count":67,"href":"https:\/\/www.grupoasame.com\/index.php\/wp-json\/wp\/v2\/pages\/317\/revisions"}],"predecessor-version":[{"id":1029,"href":"https:\/\/www.grupoasame.com\/index.php\/wp-json\/wp\/v2\/pages\/317\/revisions\/1029"}],"wp:attachment":[{"href":"https:\/\/www.grupoasame.com\/index.php\/wp-json\/wp\/v2\/media?parent=317"}],"curies":[{"name":"wp","href":"https:\/\/api.w.org\/{rel}","templated":true}]}}